{"id":217,"date":"2025-03-12T10:23:37","date_gmt":"2025-03-12T10:23:37","guid":{"rendered":"https:\/\/datarank.ch\/?page_id=217"},"modified":"2025-08-04T22:05:58","modified_gmt":"2025-08-04T22:05:58","slug":"agency-profile","status":"publish","type":"page","link":"http:\/\/34.65.53.172\/it\/agency-profile\/","title":{"rendered":"Agency"},"content":{"rendered":"<div class=\"wp-block-cover alignfull is-light\" style=\"min-height:100vh;aspect-ratio:unset;\"><video class=\"wp-block-cover__video-background intrinsic-ignore\" autoplay muted loop playsinline src=\"https:\/\/datarank.ch\/wp-content\/uploads\/2025\/07\/5713512-uhd_3840_2160_25fps.mp4\" data-object-fit=\"cover\"><\/video><span aria-hidden=\"true\" class=\"wp-block-cover__background has-background-dim\"><\/span><div class=\"wp-block-cover__inner-container is-layout-constrained wp-block-cover-is-layout-constrained\">\n<h1 class=\"wp-block-heading has-text-align-center has-palette-color-8-color has-text-color has-link-color wp-elements-352c1ca285b497fe043d335ac57755b8\" id=\"datarank\" style=\"font-size:28vw;line-height:0.9\">Agency<\/h1>\n\n\n\n<p class=\"has-text-align-center has-palette-color-8-color has-text-color has-link-color has-medium-font-size wp-elements-3593217f2c5eda3f86338d7f1ace3bcf\"><br>Segnali che contano:<br>Il metodo DataRank per costruire una visibilit\u00e0 organica solida, duratura e misurabile.<\/p>\n<\/div><\/div>\n\n\n\n<div class=\"wp-block-greenshift-blocks-row gspb_row gspb_row-id-gsbp-6e3d024\" id=\"gspb_row-id-gsbp-6e3d024\"><div class=\"gspb_row__content\"> \n<div class=\"wp-block-greenshift-blocks-row-column gspb_row__col--12 gspb_col-id-gsbp-f8e690a\" id=\"gspb_col-id-gsbp-f8e690a\">\n<p class=\"has-large-font-size\">Nell\u2019economia digitale, la visibilit\u00e0 \u00e8 potere.\nDataRank \u00e8 una boutique digitale svizzera che unisce vent\u2019anni di esperienza a tecnologie all\u2019avanguardia, per creare strategie su misura capaci di generare risultati concreti e misurabili.<\/p>\n<\/div>\n <\/div><\/div>\n\n\n\n<div class=\"wp-block-greenshift-blocks-row gspb_row gspb_row-id-gsbp-3ef535c\" id=\"gspb_row-id-gsbp-3ef535c\"><div class=\"gspb_row__content\"> \n<div class=\"wp-block-greenshift-blocks-row-column gspb_row__col--12 gspb_col-id-gsbp-7d28de4\" id=\"gspb_col-id-gsbp-7d28de4\">\n<div class=\"wp-block-greenshift-blocks-container gspb_container gspb_container-gsbp-8da11c5\" id=\"gspb_container-id-gsbp-8da11c5\">\n<div class=\"wp-block-greenshift-blocks-container gspb_container gspb_container-gsbp-1a8c099\" id=\"gspb_container-id-gsbp-1a8c099\">\n<h2 class=\"wp-block-heading has-palette-color-4-color has-text-color has-link-color has-xx-large-font-size wp-elements-ccfdcaff693690cadff2ad9ddf996aa7\" id=\"think-understand-the-context-chart-the-course\" style=\"line-height:1\">Pensa e comprendi il contesto, traccia la rotta.<\/h2>\n<\/div>\n\n\n\n<div class=\"wp-block-greenshift-blocks-container gspb_container gspb_container-gsbp-d87afd1\" id=\"gspb_container-id-gsbp-d87afd1\">\n<p>Ogni progetto inizia con una sola priorit\u00e0: la chiarezza.\nPrima di proporre tattiche o previsioni di traffico, ci immergiamo nel tuo contesto digitale e nel tuo modello di business.<br>Attraverso workshop di discovery personalizzati, analisi del contesto competitivo e studio dell\u2019intento di ricerca, definiamo il reale perimetro di opportunit\u00e0: dai motori di ricerca agli store delle app, fino ai risultati generati dall\u2019intelligenza artificiale.<\/p>\n\n\n\n<p>Domandati: <em>Cosa sta osservando il tuo pubblico?<\/em> E <em>quali sono oggi i veri punti di attenzione del tuo pubblico?<\/em><\/p>\n<\/div>\n\n\n\n<div class=\"wp-block-greenshift-blocks-container gspb_container gspb_container-gsbp-530a9d6\" id=\"gspb_container-id-gsbp-530a9d6\">\n<h2 class=\"wp-block-heading has-palette-color-4-color has-text-color has-link-color has-xx-large-font-size wp-elements-f7cc914b26806c1ad75579a94e215ab3\" id=\"think-understand-the-context-chart-the-course\" style=\"line-height:1\">Progetta e costruisci un framework su misura, non uno schema riciclato.<\/h2>\n<\/div>\n\n\n\n<div class=\"wp-block-greenshift-blocks-container gspb_container gspb_container-gsbp-09c8eda\" id=\"gspb_container-id-gsbp-09c8eda\">\n<p>Oggi, la visibilit\u00e0 richiede molto pi\u00f9 della sola SEO.\nServe un\u2019orchestrazione strategica tra piattaforme: siti web, store delle app, motori AI e media.<br>Ecco perch\u00e9 nella fase di pianificazione coinvolgiamo strategist, analyst e creator per definire le priorit\u00e0 stagionali lungo tre dimensioni ad alto impatto:<\/p>\n\n\n\n<ul class=\"wp-block-list\">\n<li>Ottimizzazione per i motori di ricerca (SEO) per la crescita internazionale<\/li>\n\n\n\n<li>Ottimizzazione per gli store digitali (ASO) per aumentare le installazioni organiche<\/li>\n\n\n\n<li>Online Market Intelligence, per identificare dove si concentra la domanda da un punto di vista geografico, linguistico e culturale<\/li>\n<\/ul>\n\n\n\n<p>Non crediamo in piani preconfezionati.\nProgettiamo framework che si adattano alla realt\u00e0.<\/p>\n<\/div>\n\n\n\n<div class=\"wp-block-greenshift-blocks-container gspb_container gspb_container-gsbp-8a388fd\" id=\"gspb_container-id-gsbp-8a388fd\">\n<h2 class=\"wp-block-heading has-palette-color-4-color has-text-color has-link-color has-xx-large-font-size wp-elements-6608512282a317a3b22c14ac073af6fa\" id=\"think-understand-the-context-chart-the-course\" style=\"line-height:1\">Agisci e applica una pressione costante sui segnali che contano.<\/h2>\n<\/div>\n\n\n\n<div class=\"wp-block-greenshift-blocks-container gspb_container gspb_container-gsbp-6e2dae6\" id=\"gspb_container-id-gsbp-6e2dae6\">\n<p>L\u2019esecuzione \u00e8 il punto in cui molti perdono il focus.\nNoi restiamo esatti.<br>In ogni percorso con il cliente, ci concentriamo su azioni ad alto impatto, in grado di generare effetti cumulativi nel tempo:<\/p>\n\n\n\n<ul class=\"wp-block-list\">\n<li>SEO Tecnica \u2013 Scansionabilit\u00e0, velocit\u00e0 del sito, dati strutturati, logiche mobile-first<\/li>\n\n\n\n<li>Ottimizzazione AI Overview \u2013 Prepariamo il brand per apparire nei risultati generati da Google SGE, Bing Copilot, ChatGPT Browsing e Perplexity<\/li>\n\n\n\n<li>Strategia ASO \u2013 Metadata multilingue, asset creativi, A\/B testing visivo, analisi delle performance<\/li>\n\n\n\n<li>Contenuti \u2013 Non solo quantit\u00e0, ma rilevanza, linguaggio e autorevolezza<\/li>\n\n\n\n<li>Digital PR &amp; Link Architecture \u2013 Citazioni affidabili, segnali editoriali, copertura su testate locali e settoriali<br>Ogni pilastro alimenta il successivo.\nIl risultato \u00e8 un sistema di visibilit\u00e0, non una campagna.<\/li>\n<\/ul>\n<\/div>\n\n\n\n<div class=\"wp-block-greenshift-blocks-container gspb_container gspb_container-gsbp-62299f4\" id=\"gspb_container-id-gsbp-62299f4\">\n<h2 class=\"wp-block-heading has-palette-color-4-color has-text-color has-link-color has-xx-large-font-size wp-elements-c520d0a1197206f2d3fbd3ea9e9355c3\" id=\"think-understand-the-context-chart-the-course\" style=\"line-height:1\">Misura i progressi e collegali a un obiettivo chiaro.<\/h2>\n<\/div>\n\n\n\n<div class=\"wp-block-greenshift-blocks-container gspb_container gspb_container-gsbp-b546a03\" id=\"gspb_container-id-gsbp-b546a03\">\n<p>Ci\u00f2 che misuriamo riflette ci\u00f2 che valorizziamo.\nEcco perch\u00e9 i nostri report non si limitano a mostrare numeri: offrono direzione.<br>Monitoriamo la crescita del traffico organico, la quota di ricerca, il movimento delle keyword, i miglioramenti nel ranking delle app e la visibilit\u00e0 all\u2019interno degli ecosistemi AI.<br>Tutti gli insight sono accessibili tramite dashboard live e sessioni strategiche, pensate sia per i responsabili marketing che per i team C-level.<\/p>\n\n\n\n<p>Parliamo il linguaggio dei dati, ma lo traduciamo in decisioni.<\/p>\n<\/div>\n\n\n\n<div class=\"wp-block-greenshift-blocks-container gspb_container gspb_container-gsbp-e83eb99\" id=\"gspb_container-id-gsbp-e83eb99\">\n<h2 class=\"wp-block-heading has-palette-color-4-color has-text-color has-link-color has-xx-large-font-size wp-elements-4b3a2bd947d1ee841b072b488c084b4e\" id=\"think-understand-the-context-chart-the-course\" style=\"line-height:1\">Il nostro impegno \u00e8 semplice: <br>Rilevanza nel lungo periodo, non rumore di breve durata.<\/h2>\n<\/div>\n\n\n\n<div class=\"wp-block-greenshift-blocks-container gspb_container gspb_container-gsbp-551ccda\" id=\"gspb_container-id-gsbp-551ccda\">\n<p>In DataRank, crediamo che la visibilit\u00e0 debba evolvere insieme al brand , non esplodere e poi svanire.<br>Collaboriamo con aziende in espansione in Europa, Asia, Medio Oriente e Nord America, supportandole nella presenza su Google, Apple, motori AI e culture digitali locali.<\/p>\n\n\n\n<p>Che tu stia lanciando a Tokyo, testando a Dubai o scalando a New York, il nostro approccio \u00e8 mirato, discreto e misurabile.<\/p>\n\n\n\n<p><strong>Non inseguiamo l\u2019attenzione.\nCostruiamo visibilit\u00e0 che resta.<\/strong><\/p>\n<\/div>\n<\/div>\n<\/div>\n <\/div><\/div>\n\n\n\n<div style=\"height:5vw\" aria-hidden=\"true\" class=\"wp-block-spacer\"><\/div>\n\n\n\n<div class=\"wp-block-greenshift-blocks-row gspb_row gspb_row-id-gsbp-b12a17b\" id=\"gspb_row-id-gsbp-b12a17b\"><div class=\"gspb_row__content\"> \n<div class=\"wp-block-greenshift-blocks-row-column gspb_row__col--6 gspb_col-id-gsbp-b466a2d\" id=\"gspb_col-id-gsbp-b466a2d\">\n<p class=\"has-medium-font-size\">Al centro di questa visione c\u2019\u00e8 il nostro team SEO internazionale: una forza composta da quattro professionisti altamente specializzati.\nCon un\u2019expertise profonda in ogni aspetto dell\u2019ottimizzazione per i motori di ricerca, dagli ecosistemi eCommerce complessi ai funnel B2B ad alta conversione, portano in primo piano strategia, struttura e scalabilit\u00e0.<\/p>\n\n\n\n<p class=\"has-medium-font-size\">Padroni delle sfumature dei mercati globali, dell\u2019indicizzazione multilingue e dei continui cambiamenti algoritmici, i nostri esperti SEO non si limitano a seguire le best practice: contribuiscono a definirle.\nChe si tratti di sbloccare la crescita attraverso dati strutturati, dominare le SERP con architetture di contenuto intelligenti o guidare migrazioni complesse senza errori, il loro approccio \u00e8 sempre guidato dai dati e orientato ai risultati.\n\nPerch\u00e9 quando la visibilit\u00e0 \u00e8 la moneta del successo digitale, avere il team giusto dietro le quinte fa la differenza. E il nostro \u00e8 progettato per lasciare il segno.<\/p>\n<\/div>\n\n\n\n<div class=\"wp-block-greenshift-blocks-row-column gspb_row__col--6 gspb_col-id-gsbp-c743b70\" id=\"gspb_col-id-gsbp-c743b70\">\n<figure class=\"wp-block-image size-large\"><img loading=\"lazy\" decoding=\"async\" width=\"576\" height=\"1024\" src=\"http:\/\/datarank.ch\/wp-content\/uploads\/2025\/03\/Emanuele_1-576x1024.jpg\" alt=\"\" class=\"wp-image-702\" srcset=\"http:\/\/34.65.53.172\/wp-content\/uploads\/2025\/03\/Emanuele_1-576x1024.jpg 576w, http:\/\/34.65.53.172\/wp-content\/uploads\/2025\/03\/Emanuele_1-169x300.jpg 169w, http:\/\/34.65.53.172\/wp-content\/uploads\/2025\/03\/Emanuele_1-768x1365.jpg 768w, http:\/\/34.65.53.172\/wp-content\/uploads\/2025\/03\/Emanuele_1-864x1536.jpg 864w, http:\/\/34.65.53.172\/wp-content\/uploads\/2025\/03\/Emanuele_1.jpg 1080w\" sizes=\"auto, (max-width: 576px) 100vw, 576px\" \/><\/figure>\n<\/div>\n <\/div><\/div>","protected":false},"excerpt":{"rendered":"","protected":false},"author":1,"featured_media":0,"parent":0,"menu_order":0,"comment_status":"closed","ping_status":"closed","template":"","meta":{"_gspb_post_css":"#gspb_row-id-gsbp-3ef535c,#gspb_row-id-gsbp-6e3d024{justify-content:space-between;margin-top:0;margin-bottom:0;display:flex;flex-wrap:wrap;align-content:center;min-height:50vh}#gspb_row-id-gsbp-6e3d024>.gspb_row__content{display:flex;justify-content:space-between;margin:0 auto;width:100%;flex-wrap:wrap;align-items:center}div[id^=gspb_col-id]{box-sizing:border-box;position:relative;padding:var(--gs-row-column-padding, 15px min(3vw, 20px))}#gspb_col-id-gsbp-f8e690a.gspb_row__col--12{width:100%}@media (max-width:575.98px){#gspb_col-id-gsbp-f8e690a.gspb_row__col--12{width:100%}}#gspb_row-id-gsbp-3ef535c{min-height:70vh}#gspb_row-id-gsbp-3ef535c>.gspb_row__content{display:flex;justify-content:space-between;margin:0 auto;width:100%;flex-wrap:wrap;align-items:center}body.gspb-bodyfront #gspb_row-id-gsbp-3ef535c>.gspb_row__content,body.gspb-bodyfront #gspb_row-id-gsbp-6e3d024>.gspb_row__content{width:var(--theme-container-width, 1200px);max-width:var(--theme-normal-container-max-width, 1200px)}#gspb_col-id-gsbp-7d28de4.gspb_row__col--12{width:100%}@media (max-width:575.98px){#gspb_col-id-gsbp-7d28de4.gspb_row__col--12{width:100%}}.gspb_container-id-gsbp-09c8eda,.gspb_container-id-gsbp-1a8c099,.gspb_container-id-gsbp-530a9d6,.gspb_container-id-gsbp-551ccda,.gspb_container-id-gsbp-62299f4,.gspb_container-id-gsbp-6e2dae6,.gspb_container-id-gsbp-8a388fd,.gspb_container-id-gsbp-8da11c5,.gspb_container-id-gsbp-b546a03,.gspb_container-id-gsbp-d87afd1,.gspb_container-id-gsbp-e83eb99{flex-direction:column;box-sizing:border-box}#gspb_container-id-gsbp-09c8eda.gspb_container>p:last-of-type,#gspb_container-id-gsbp-1a8c099.gspb_container>p:last-of-type,#gspb_container-id-gsbp-530a9d6.gspb_container>p:last-of-type,#gspb_container-id-gsbp-551ccda.gspb_container>p:last-of-type,#gspb_container-id-gsbp-62299f4.gspb_container>p:last-of-type,#gspb_container-id-gsbp-6e2dae6.gspb_container>p:last-of-type,#gspb_container-id-gsbp-8a388fd.gspb_container>p:last-of-type,#gspb_container-id-gsbp-8da11c5.gspb_container>p:last-of-type,#gspb_container-id-gsbp-b546a03.gspb_container>p:last-of-type,#gspb_container-id-gsbp-d87afd1.gspb_container>p:last-of-type,#gspb_container-id-gsbp-e83eb99.gspb_container>p:last-of-type{margin-bottom:0}#gspb_container-id-gsbp-8da11c5.gspb_container{position:relative;display:grid;grid-template-columns:repeat(2,minmax(0,1fr));row-gap:5vw;column-gap:5vw;align-items:flex-start}@media (max-width:575.98px){#gspb_container-id-gsbp-8da11c5.gspb_container{grid-template-columns:repeat(1,minmax(0,1fr))}}#gspb_container-id-gsbp-8da11c5.gspb_container{color:var(--wp--preset--color--palette-color-4, var(--theme-palette-color-4, #000000));padding:5vw;background-color:var(--wp--preset--color--palette-color-8, var(--theme-palette-color-8, #ffffff))}#gspb_container-id-gsbp-8da11c5.gspb_container,#gspb_container-id-gsbp-8da11c5.gspb_container>.gspb_backgroundOverlay{border-top-left-radius:20px;border-top-right-radius:20px;border-bottom-right-radius:20px;border-bottom-left-radius:20px}#gspb_container-id-gsbp-09c8eda.gspb_container,#gspb_container-id-gsbp-1a8c099.gspb_container,#gspb_container-id-gsbp-530a9d6.gspb_container,#gspb_container-id-gsbp-551ccda.gspb_container,#gspb_container-id-gsbp-62299f4.gspb_container,#gspb_container-id-gsbp-6e2dae6.gspb_container,#gspb_container-id-gsbp-8a388fd.gspb_container,#gspb_container-id-gsbp-b546a03.gspb_container,#gspb_container-id-gsbp-d87afd1.gspb_container,#gspb_container-id-gsbp-e83eb99.gspb_container,.gspb_row{position:relative}@media (max-width:991.98px){body.gspb-bodyfront #gspb_container-id-gsbp-1a8c099.gspb_container{grid-column:span 2}}@media (max-width:991.98px){body.gspb-bodyfront #gspb_container-id-gsbp-d87afd1.gspb_container{grid-column:span 2}}@media (max-width:991.98px){body.gspb-bodyfront #gspb_container-id-gsbp-530a9d6.gspb_container{grid-column:span 2}}@media (max-width:991.98px){body.gspb-bodyfront #gspb_container-id-gsbp-09c8eda.gspb_container{grid-column:span 2}}@media (max-width:991.98px){body.gspb-bodyfront #gspb_container-id-gsbp-8a388fd.gspb_container{grid-column:span 2}}@media (max-width:991.98px){body.gspb-bodyfront #gspb_container-id-gsbp-6e2dae6.gspb_container{grid-column:span 2}}@media (max-width:991.98px){body.gspb-bodyfront #gspb_container-id-gsbp-62299f4.gspb_container{grid-column:span 2}}@media (max-width:991.98px){body.gspb-bodyfront #gspb_container-id-gsbp-b546a03.gspb_container{grid-column:span 2}}@media (max-width:991.98px){body.gspb-bodyfront #gspb_container-id-gsbp-e83eb99.gspb_container{grid-column:span 2}}@media (max-width:991.98px){body.gspb-bodyfront #gspb_container-id-gsbp-551ccda.gspb_container{grid-column:span 2}}#gspb_row-id-gsbp-b12a17b{justify-content:space-between;margin-top:0;margin-bottom:0;display:flex;flex-wrap:wrap;align-content:center}#gspb_row-id-gsbp-b12a17b>.gspb_row__content{display:flex;margin:0 auto;width:100%;flex-wrap:wrap;align-items:center;justify-content:center}body.gspb-bodyfront #gspb_row-id-gsbp-b12a17b>.gspb_row__content{width:var(--theme-container-width, 1200px);max-width:var(--theme-normal-container-max-width, 1200px)}#gspb_col-id-gsbp-b466a2d.gspb_row__col--6{width:50%}@media (max-width:575.98px){#gspb_col-id-gsbp-b466a2d.gspb_row__col--6{width:100%}}#gspb_col-id-gsbp-c743b70.gspb_row__col--6{width:50%}@media (max-width:575.98px){#gspb_col-id-gsbp-c743b70.gspb_row__col--6{width:100%}}","footnotes":"[]"},"class_list":["post-217","page","type-page","status-publish","hentry"],"blocksy_meta":[],"yoast_head":"<!-- This site is optimized with the Yoast SEO plugin v25.4 - https:\/\/yoast.com\/wordpress\/plugins\/seo\/ -->\n<title>Agency - DataRank<\/title>\n<meta name=\"robots\" content=\"index, follow, max-snippet:-1, max-image-preview:large, max-video-preview:-1\" \/>\n<link rel=\"canonical\" href=\"http:\/\/34.65.53.172\/it\/agency-profile\/\" \/>\n<meta property=\"og:locale\" content=\"it_IT\" \/>\n<meta property=\"og:type\" content=\"article\" \/>\n<meta property=\"og:title\" content=\"Agency - DataRank\" \/>\n<meta property=\"og:url\" content=\"http:\/\/34.65.53.172\/it\/agency-profile\/\" \/>\n<meta property=\"og:site_name\" content=\"DataRank\" \/>\n<meta property=\"article:modified_time\" content=\"2025-08-04T22:05:58+00:00\" \/>\n<meta property=\"og:image\" content=\"http:\/\/datarank.ch\/wp-content\/uploads\/2025\/03\/Emanuele_1-576x1024.jpg\" \/>\n<meta name=\"twitter:card\" content=\"summary_large_image\" \/>\n<meta name=\"twitter:label1\" content=\"Tempo di lettura stimato\" \/>\n\t<meta name=\"twitter:data1\" content=\"3 minuti\" \/>\n<script type=\"application\/ld+json\" class=\"yoast-schema-graph\">{\"@context\":\"https:\/\/schema.org\",\"@graph\":[{\"@type\":\"WebPage\",\"@id\":\"http:\/\/34.65.53.172\/it\/agency-profile\/\",\"url\":\"http:\/\/34.65.53.172\/it\/agency-profile\/\",\"name\":\"Agency - DataRank\",\"isPartOf\":{\"@id\":\"https:\/\/datarank.ch\/it\/#website\"},\"primaryImageOfPage\":{\"@id\":\"http:\/\/34.65.53.172\/it\/agency-profile\/#primaryimage\"},\"image\":{\"@id\":\"http:\/\/34.65.53.172\/it\/agency-profile\/#primaryimage\"},\"thumbnailUrl\":\"http:\/\/datarank.ch\/wp-content\/uploads\/2025\/03\/Emanuele_1-576x1024.jpg\",\"datePublished\":\"2025-03-12T10:23:37+00:00\",\"dateModified\":\"2025-08-04T22:05:58+00:00\",\"breadcrumb\":{\"@id\":\"http:\/\/34.65.53.172\/it\/agency-profile\/#breadcrumb\"},\"inLanguage\":\"it-IT\",\"potentialAction\":[{\"@type\":\"ReadAction\",\"target\":[\"http:\/\/34.65.53.172\/it\/agency-profile\/\"]}]},{\"@type\":\"ImageObject\",\"inLanguage\":\"it-IT\",\"@id\":\"http:\/\/34.65.53.172\/it\/agency-profile\/#primaryimage\",\"url\":\"http:\/\/datarank.ch\/wp-content\/uploads\/2025\/03\/Emanuele_1-576x1024.jpg\",\"contentUrl\":\"http:\/\/datarank.ch\/wp-content\/uploads\/2025\/03\/Emanuele_1-576x1024.jpg\"},{\"@type\":\"BreadcrumbList\",\"@id\":\"http:\/\/34.65.53.172\/it\/agency-profile\/#breadcrumb\",\"itemListElement\":[{\"@type\":\"ListItem\",\"position\":1,\"name\":\"Home\",\"item\":\"https:\/\/34.65.53.172\/\"},{\"@type\":\"ListItem\",\"position\":2,\"name\":\"Agency\"}]},{\"@type\":\"WebSite\",\"@id\":\"https:\/\/datarank.ch\/it\/#website\",\"url\":\"https:\/\/datarank.ch\/it\/\",\"name\":\"DataRank\",\"description\":\"Digital Swiss Boutique\",\"publisher\":{\"@id\":\"https:\/\/datarank.ch\/it\/#organization\"},\"potentialAction\":[{\"@type\":\"SearchAction\",\"target\":{\"@type\":\"EntryPoint\",\"urlTemplate\":\"https:\/\/datarank.ch\/it\/?s={search_term_string}\"},\"query-input\":{\"@type\":\"PropertyValueSpecification\",\"valueRequired\":true,\"valueName\":\"search_term_string\"}}],\"inLanguage\":\"it-IT\"},{\"@type\":\"Organization\",\"@id\":\"https:\/\/datarank.ch\/it\/#organization\",\"name\":\"DataRank\",\"url\":\"https:\/\/datarank.ch\/it\/\",\"logo\":{\"@type\":\"ImageObject\",\"inLanguage\":\"it-IT\",\"@id\":\"https:\/\/datarank.ch\/it\/#\/schema\/logo\/image\/\",\"url\":\"https:\/\/datarank.ch\/wp-content\/uploads\/2025\/03\/logo-datarank-black.png\",\"contentUrl\":\"https:\/\/datarank.ch\/wp-content\/uploads\/2025\/03\/logo-datarank-black.png\",\"width\":500,\"height\":202,\"caption\":\"DataRank\"},\"image\":{\"@id\":\"https:\/\/datarank.ch\/it\/#\/schema\/logo\/image\/\"}}]}<\/script>\n<!-- \/ Yoast SEO plugin. -->","yoast_head_json":{"title":"Agency - DataRank","robots":{"index":"index","follow":"follow","max-snippet":"max-snippet:-1","max-image-preview":"max-image-preview:large","max-video-preview":"max-video-preview:-1"},"canonical":"http:\/\/34.65.53.172\/it\/agency-profile\/","og_locale":"it_IT","og_type":"article","og_title":"Agency - DataRank","og_url":"http:\/\/34.65.53.172\/it\/agency-profile\/","og_site_name":"DataRank","article_modified_time":"2025-08-04T22:05:58+00:00","og_image":[{"url":"http:\/\/datarank.ch\/wp-content\/uploads\/2025\/03\/Emanuele_1-576x1024.jpg","type":"","width":"","height":""}],"twitter_card":"summary_large_image","twitter_misc":{"Tempo di lettura stimato":"3 minuti"},"schema":{"@context":"https:\/\/schema.org","@graph":[{"@type":"WebPage","@id":"http:\/\/34.65.53.172\/it\/agency-profile\/","url":"http:\/\/34.65.53.172\/it\/agency-profile\/","name":"Agency - DataRank","isPartOf":{"@id":"https:\/\/datarank.ch\/it\/#website"},"primaryImageOfPage":{"@id":"http:\/\/34.65.53.172\/it\/agency-profile\/#primaryimage"},"image":{"@id":"http:\/\/34.65.53.172\/it\/agency-profile\/#primaryimage"},"thumbnailUrl":"http:\/\/datarank.ch\/wp-content\/uploads\/2025\/03\/Emanuele_1-576x1024.jpg","datePublished":"2025-03-12T10:23:37+00:00","dateModified":"2025-08-04T22:05:58+00:00","breadcrumb":{"@id":"http:\/\/34.65.53.172\/it\/agency-profile\/#breadcrumb"},"inLanguage":"it-IT","potentialAction":[{"@type":"ReadAction","target":["http:\/\/34.65.53.172\/it\/agency-profile\/"]}]},{"@type":"ImageObject","inLanguage":"it-IT","@id":"http:\/\/34.65.53.172\/it\/agency-profile\/#primaryimage","url":"http:\/\/datarank.ch\/wp-content\/uploads\/2025\/03\/Emanuele_1-576x1024.jpg","contentUrl":"http:\/\/datarank.ch\/wp-content\/uploads\/2025\/03\/Emanuele_1-576x1024.jpg"},{"@type":"BreadcrumbList","@id":"http:\/\/34.65.53.172\/it\/agency-profile\/#breadcrumb","itemListElement":[{"@type":"ListItem","position":1,"name":"Home","item":"https:\/\/34.65.53.172\/"},{"@type":"ListItem","position":2,"name":"Agency"}]},{"@type":"WebSite","@id":"https:\/\/datarank.ch\/it\/#website","url":"https:\/\/datarank.ch\/it\/","name":"DataRank","description":"Digital Swiss Boutique","publisher":{"@id":"https:\/\/datarank.ch\/it\/#organization"},"potentialAction":[{"@type":"SearchAction","target":{"@type":"EntryPoint","urlTemplate":"https:\/\/datarank.ch\/it\/?s={search_term_string}"},"query-input":{"@type":"PropertyValueSpecification","valueRequired":true,"valueName":"search_term_string"}}],"inLanguage":"it-IT"},{"@type":"Organization","@id":"https:\/\/datarank.ch\/it\/#organization","name":"DataRank","url":"https:\/\/datarank.ch\/it\/","logo":{"@type":"ImageObject","inLanguage":"it-IT","@id":"https:\/\/datarank.ch\/it\/#\/schema\/logo\/image\/","url":"https:\/\/datarank.ch\/wp-content\/uploads\/2025\/03\/logo-datarank-black.png","contentUrl":"https:\/\/datarank.ch\/wp-content\/uploads\/2025\/03\/logo-datarank-black.png","width":500,"height":202,"caption":"DataRank"},"image":{"@id":"https:\/\/datarank.ch\/it\/#\/schema\/logo\/image\/"}}]}},"_links":{"self":[{"href":"http:\/\/34.65.53.172\/it\/wp-json\/wp\/v2\/pages\/217","targetHints":{"allow":["GET"]}}],"collection":[{"href":"http:\/\/34.65.53.172\/it\/wp-json\/wp\/v2\/pages"}],"about":[{"href":"http:\/\/34.65.53.172\/it\/wp-json\/wp\/v2\/types\/page"}],"author":[{"embeddable":true,"href":"http:\/\/34.65.53.172\/it\/wp-json\/wp\/v2\/users\/1"}],"replies":[{"embeddable":true,"href":"http:\/\/34.65.53.172\/it\/wp-json\/wp\/v2\/comments?post=217"}],"version-history":[{"count":25,"href":"http:\/\/34.65.53.172\/it\/wp-json\/wp\/v2\/pages\/217\/revisions"}],"predecessor-version":[{"id":3487,"href":"http:\/\/34.65.53.172\/it\/wp-json\/wp\/v2\/pages\/217\/revisions\/3487"}],"wp:attachment":[{"href":"http:\/\/34.65.53.172\/it\/wp-json\/wp\/v2\/media?parent=217"}],"curies":[{"name":"wp","href":"https:\/\/api.w.org\/{rel}","templated":true}]}}